{"id":50,"date":"2025-11-12T13:40:30","date_gmt":"2025-11-12T10:40:30","guid":{"rendered":"https:\/\/www.alkanmineral.com\/?page_id=50"},"modified":"2025-11-12T15:18:44","modified_gmt":"2025-11-12T12:18:44","slug":"urunler","status":"publish","type":"page","link":"https:\/\/www.alkanmineral.com\/en\/urunler\/","title":{"rendered":"products"},"content":{"rendered":"<div data-elementor-type=\"wp-page\" data-elementor-id=\"50\" class=\"elementor elementor-50\" data-elementor-post-type=\"page\">\n\t\t\t\t<div class=\"elementor-element elementor-element-2a805865 e-flex e-con-boxed e-con e-parent\" data-id=\"2a805865\" data-element_type=\"container\" data-settings=\"{&quot;background_background&quot;:&quot;classic&quot;}\">\n\t\t\t\t\t<div class=\"e-con-inner\">\n\t\t\t\t<div class=\"elementor-element elementor-element-42f5828a elementor-widget elementor-widget-text-editor\" data-id=\"42f5828a\" data-element_type=\"widget\" data-widget_type=\"text-editor.default\">\n\t\t\t\t\t\t\t\t\t<a href=\"https:\/\/www.alkanmineral.com\/en\/\">home<\/a> &gt; Products\t\t\t\t\t\t\t\t<\/div>\n\t\t\t\t\t<\/div>\n\t\t\t\t<\/div>\n\t\t<div class=\"elementor-element elementor-element-10e84115 e-flex e-con-boxed e-con e-parent\" data-id=\"10e84115\" data-element_type=\"container\" data-settings=\"{&quot;background_background&quot;:&quot;classic&quot;}\">\n\t\t\t\t\t<div class=\"e-con-inner\">\n\t\t<div class=\"elementor-element elementor-element-77020a3f e-flex e-con-boxed e-con e-child\" data-id=\"77020a3f\" data-element_type=\"container\">\n\t\t\t\t\t<div class=\"e-con-inner\">\n\t\t\t\t<div class=\"elementor-element elementor-element-3bf85bec elementor-widget elementor-widget-heading\" data-id=\"3bf85bec\" data-element_type=\"widget\" data-widget_type=\"heading.default\">\n\t\t\t\t\t<h6 class=\"elementor-heading-title elementor-size-default\">products<\/h6>\t\t\t\t<\/div>\n\t\t\t\t<div class=\"elementor-element elementor-element-2f5dbd65 elementor-widget elementor-widget-heading\" data-id=\"2f5dbd65\" data-element_type=\"widget\" data-widget_type=\"heading.default\">\n\t\t\t\t\t<h2 class=\"elementor-heading-title elementor-size-default\">We supply four main industrial minerals<\/h2>\t\t\t\t<\/div>\n\t\t\t\t\t<\/div>\n\t\t\t\t<\/div>\n\t\t<div class=\"elementor-element elementor-element-75475ef0 e-con-full e-flex e-con e-child\" data-id=\"75475ef0\" data-element_type=\"container\">\n\t\t<div class=\"elementor-element elementor-element-11909765 e-con-full e-flex e-con e-child\" data-id=\"11909765\" data-element_type=\"container\">\n\t\t<div class=\"elementor-element elementor-element-5627da13 e-con-full animated-slow e-flex elementor-invisible e-con e-child\" data-id=\"5627da13\" data-element_type=\"container\" data-settings=\"{&quot;animation&quot;:&quot;fadeInUp&quot;}\">\n\t\t\t\t<div class=\"elementor-element elementor-element-52ee839a elementor-widget elementor-widget-image\" data-id=\"52ee839a\" data-element_type=\"widget\" data-widget_type=\"image.default\">\n\t\t\t\t\t\t\t\t\t\t\t\t\t\t\t<img fetchpriority=\"high\" decoding=\"async\" width=\"500\" height=\"500\" src=\"https:\/\/www.alkanmineral.com\/wp-content\/uploads\/2025\/11\/Coal.png\" class=\"attachment-full size-full wp-image-20\" alt=\"\" srcset=\"https:\/\/www.alkanmineral.com\/wp-content\/uploads\/2025\/11\/Coal.png 500w, https:\/\/www.alkanmineral.com\/wp-content\/uploads\/2025\/11\/Coal-300x300.png 300w, https:\/\/www.alkanmineral.com\/wp-content\/uploads\/2025\/11\/Coal-150x150.png 150w\" sizes=\"(max-width: 500px) 100vw, 500px\" \/>\t\t\t\t\t\t\t\t\t\t\t\t\t\t\t<\/div>\n\t\t\t\t<div class=\"elementor-element elementor-element-34d847ba elementor-widget elementor-widget-heading\" data-id=\"34d847ba\" data-element_type=\"widget\" data-widget_type=\"heading.default\">\n\t\t\t\t\t<h3 class=\"elementor-heading-title elementor-size-default\">Bentonite<\/h3>\t\t\t\t<\/div>\n\t\t\t\t<div class=\"elementor-element elementor-element-27ff4472 elementor-widget elementor-widget-text-editor\" data-id=\"27ff4472\" data-element_type=\"widget\" data-widget_type=\"text-editor.default\">\n\t\t\t\t\t\t\t\t\t<p>Bentonite is a natural clay rich in montmorillonite, well known for its swelling and rheological properties.<\/p>\t\t\t\t\t\t\t\t<\/div>\n\t\t\t\t<div class=\"elementor-element elementor-element-1208dbe7 elementor-widget elementor-widget-button\" data-id=\"1208dbe7\" data-element_type=\"widget\" data-widget_type=\"button.default\">\n\t\t\t\t\t\t\t\t\t\t<a class=\"elementor-button elementor-button-link elementor-size-sm elementor-animation-grow\" href=\"https:\/\/www.alkanmineral.com\/en\/bentonit\/\">\n\t\t\t\t\t\t<span class=\"elementor-button-content-wrapper\">\n\t\t\t\t\t\t<span class=\"elementor-button-icon\">\n\t\t\t\t<svg aria-hidden=\"true\" class=\"e-font-icon-svg e-fas-arrow-right\" viewbox=\"0 0 448 512\" xmlns=\"http:\/\/www.w3.org\/2000\/svg\"><path d=\"M190.5 66.9l22.2-22.2c9.4-9.4 24.6-9.4 33.9 0L441 239c9.4 9.4 9.4 24.6 0 33.9L246.6 467.3c-9.4 9.4-24.6 9.4-33.9 0l-22.2-22.2c-9.5-9.5-9.3-25 .4-34.3L311.4 296H24c-13.3 0-24-10.7-24-24v-32c0-13.3 10.7-24 24-24h287.4L190.9 101.2c-9.8-9.3-10-24.8-.4-34.3z\"><\/path><\/svg>\t\t\t<\/span>\n\t\t\t\t\t\t\t\t\t<span class=\"elementor-button-text\">more information<\/span>\n\t\t\t\t\t<\/span>\n\t\t\t\t\t<\/a>\n\t\t\t\t\t\t\t\t<\/div>\n\t\t\t\t<\/div>\n\t\t<div class=\"elementor-element elementor-element-50a1d7d1 e-con-full animated-slow e-flex elementor-invisible e-con e-child\" data-id=\"50a1d7d1\" data-element_type=\"container\" data-settings=\"{&quot;animation&quot;:&quot;fadeInUp&quot;,&quot;animation_delay&quot;:200}\">\n\t\t\t\t<div class=\"elementor-element elementor-element-6da84a71 elementor-widget elementor-widget-image\" data-id=\"6da84a71\" data-element_type=\"widget\" data-widget_type=\"image.default\">\n\t\t\t\t\t\t\t\t\t\t\t\t\t\t\t<img decoding=\"async\" width=\"500\" height=\"500\" src=\"https:\/\/www.alkanmineral.com\/wp-content\/uploads\/2025\/11\/Mining.png\" class=\"attachment-full size-full wp-image-21\" alt=\"\" srcset=\"https:\/\/www.alkanmineral.com\/wp-content\/uploads\/2025\/11\/Mining.png 500w, https:\/\/www.alkanmineral.com\/wp-content\/uploads\/2025\/11\/Mining-300x300.png 300w, https:\/\/www.alkanmineral.com\/wp-content\/uploads\/2025\/11\/Mining-150x150.png 150w\" sizes=\"(max-width: 500px) 100vw, 500px\" \/>\t\t\t\t\t\t\t\t\t\t\t\t\t\t\t<\/div>\n\t\t\t\t<div class=\"elementor-element elementor-element-178de894 elementor-widget elementor-widget-heading\" data-id=\"178de894\" data-element_type=\"widget\" data-widget_type=\"heading.default\">\n\t\t\t\t\t<h3 class=\"elementor-heading-title elementor-size-default\">Barite<\/h3>\t\t\t\t<\/div>\n\t\t\t\t<div class=\"elementor-element elementor-element-25b0315c elementor-widget elementor-widget-text-editor\" data-id=\"25b0315c\" data-element_type=\"widget\" data-widget_type=\"text-editor.default\">\n\t\t\t\t\t\t\t\t\t<p>Barite (Barium Sulfate) is a high-density mineral with exceptional purity and whiteness.\nApplications: Weighting agent in drilling fluids, paints &amp; coatings, plastics, medical radiology.<\/p>\t\t\t\t\t\t\t\t<\/div>\n\t\t\t\t<div class=\"elementor-element elementor-element-4a0b6d8f elementor-widget elementor-widget-button\" data-id=\"4a0b6d8f\" data-element_type=\"widget\" data-widget_type=\"button.default\">\n\t\t\t\t\t\t\t\t\t\t<a class=\"elementor-button elementor-button-link elementor-size-sm elementor-animation-grow\" href=\"https:\/\/www.alkanmineral.com\/en\/barit\/\">\n\t\t\t\t\t\t<span class=\"elementor-button-content-wrapper\">\n\t\t\t\t\t\t<span class=\"elementor-button-icon\">\n\t\t\t\t<svg aria-hidden=\"true\" class=\"e-font-icon-svg e-fas-arrow-right\" viewbox=\"0 0 448 512\" xmlns=\"http:\/\/www.w3.org\/2000\/svg\"><path d=\"M190.5 66.9l22.2-22.2c9.4-9.4 24.6-9.4 33.9 0L441 239c9.4 9.4 9.4 24.6 0 33.9L246.6 467.3c-9.4 9.4-24.6 9.4-33.9 0l-22.2-22.2c-9.5-9.5-9.3-25 .4-34.3L311.4 296H24c-13.3 0-24-10.7-24-24v-32c0-13.3 10.7-24 24-24h287.4L190.9 101.2c-9.8-9.3-10-24.8-.4-34.3z\"><\/path><\/svg>\t\t\t<\/span>\n\t\t\t\t\t\t\t\t\t<span class=\"elementor-button-text\">More Information<\/span>\n\t\t\t\t\t<\/span>\n\t\t\t\t\t<\/a>\n\t\t\t\t\t\t\t\t<\/div>\n\t\t\t\t<\/div>\n\t\t\t\t<\/div>\n\t\t<div class=\"elementor-element elementor-element-cad1c1b e-con-full e-flex e-con e-child\" data-id=\"cad1c1b\" data-element_type=\"container\">\n\t\t<div class=\"elementor-element elementor-element-0dd9f1c e-con-full animated-slow e-flex elementor-invisible e-con e-child\" data-id=\"0dd9f1c\" data-element_type=\"container\" data-settings=\"{&quot;animation&quot;:&quot;fadeInUp&quot;}\">\n\t\t\t\t<div class=\"elementor-element elementor-element-fc7b9fd elementor-widget elementor-widget-image\" data-id=\"fc7b9fd\" data-element_type=\"widget\" data-widget_type=\"image.default\">\n\t\t\t\t\t\t\t\t\t\t\t\t\t\t\t<img decoding=\"async\" width=\"500\" height=\"500\" src=\"https:\/\/www.alkanmineral.com\/wp-content\/uploads\/2025\/11\/Mining-Exploration.png\" class=\"attachment-full size-full wp-image-24\" alt=\"\" srcset=\"https:\/\/www.alkanmineral.com\/wp-content\/uploads\/2025\/11\/Mining-Exploration.png 500w, https:\/\/www.alkanmineral.com\/wp-content\/uploads\/2025\/11\/Mining-Exploration-300x300.png 300w, https:\/\/www.alkanmineral.com\/wp-content\/uploads\/2025\/11\/Mining-Exploration-150x150.png 150w\" sizes=\"(max-width: 500px) 100vw, 500px\" \/>\t\t\t\t\t\t\t\t\t\t\t\t\t\t\t<\/div>\n\t\t\t\t<div class=\"elementor-element elementor-element-12f9bc2 elementor-widget elementor-widget-heading\" data-id=\"12f9bc2\" data-element_type=\"widget\" data-widget_type=\"heading.default\">\n\t\t\t\t\t<h3 class=\"elementor-heading-title elementor-size-default\">Calcium Carbonate<\/h3>\t\t\t\t<\/div>\n\t\t\t\t<div class=\"elementor-element elementor-element-802105a elementor-widget elementor-widget-text-editor\" data-id=\"802105a\" data-element_type=\"widget\" data-widget_type=\"text-editor.default\">\n\t\t\t\t\t\t\t\t\t<p>Calcium Carbonate is a versatile mineral used in paper, plastics, paints, construction, and food industries.<\/p>\t\t\t\t\t\t\t\t<\/div>\n\t\t\t\t<div class=\"elementor-element elementor-element-cfb0ecb elementor-widget elementor-widget-button\" data-id=\"cfb0ecb\" data-element_type=\"widget\" data-widget_type=\"button.default\">\n\t\t\t\t\t\t\t\t\t\t<a class=\"elementor-button elementor-button-link elementor-size-sm elementor-animation-grow\" href=\"https:\/\/www.alkanmineral.com\/en\/kalsiyum-karbonat\/\">\n\t\t\t\t\t\t<span class=\"elementor-button-content-wrapper\">\n\t\t\t\t\t\t<span class=\"elementor-button-icon\">\n\t\t\t\t<svg aria-hidden=\"true\" class=\"e-font-icon-svg e-fas-arrow-right\" viewbox=\"0 0 448 512\" xmlns=\"http:\/\/www.w3.org\/2000\/svg\"><path d=\"M190.5 66.9l22.2-22.2c9.4-9.4 24.6-9.4 33.9 0L441 239c9.4 9.4 9.4 24.6 0 33.9L246.6 467.3c-9.4 9.4-24.6 9.4-33.9 0l-22.2-22.2c-9.5-9.5-9.3-25 .4-34.3L311.4 296H24c-13.3 0-24-10.7-24-24v-32c0-13.3 10.7-24 24-24h287.4L190.9 101.2c-9.8-9.3-10-24.8-.4-34.3z\"><\/path><\/svg>\t\t\t<\/span>\n\t\t\t\t\t\t\t\t\t<span class=\"elementor-button-text\">more information<\/span>\n\t\t\t\t\t<\/span>\n\t\t\t\t\t<\/a>\n\t\t\t\t\t\t\t\t<\/div>\n\t\t\t\t<\/div>\n\t\t<div class=\"elementor-element elementor-element-7dcb442 e-con-full animated-slow e-flex elementor-invisible e-con e-child\" data-id=\"7dcb442\" data-element_type=\"container\" data-settings=\"{&quot;animation&quot;:&quot;fadeInUp&quot;,&quot;animation_delay&quot;:400}\">\n\t\t\t\t<div class=\"elementor-element elementor-element-a0401c8 elementor-widget elementor-widget-image\" data-id=\"a0401c8\" data-element_type=\"widget\" data-widget_type=\"image.default\">\n\t\t\t\t\t\t\t\t\t\t\t\t\t\t\t<img loading=\"lazy\" decoding=\"async\" width=\"500\" height=\"500\" src=\"https:\/\/www.alkanmineral.com\/wp-content\/uploads\/2025\/11\/Contunuos-Mining.png\" class=\"attachment-full size-full wp-image-22\" alt=\"\" srcset=\"https:\/\/www.alkanmineral.com\/wp-content\/uploads\/2025\/11\/Contunuos-Mining.png 500w, https:\/\/www.alkanmineral.com\/wp-content\/uploads\/2025\/11\/Contunuos-Mining-300x300.png 300w, https:\/\/www.alkanmineral.com\/wp-content\/uploads\/2025\/11\/Contunuos-Mining-150x150.png 150w\" sizes=\"(max-width: 500px) 100vw, 500px\" \/>\t\t\t\t\t\t\t\t\t\t\t\t\t\t\t<\/div>\n\t\t\t\t<div class=\"elementor-element elementor-element-fa7830e elementor-widget elementor-widget-heading\" data-id=\"fa7830e\" data-element_type=\"widget\" data-widget_type=\"heading.default\">\n\t\t\t\t\t<h3 class=\"elementor-heading-title elementor-size-default\">Mica<\/h3>\t\t\t\t<\/div>\n\t\t\t\t<div class=\"elementor-element elementor-element-bf5ea4d elementor-widget elementor-widget-text-editor\" data-id=\"bf5ea4d\" data-element_type=\"widget\" data-widget_type=\"text-editor.default\">\n\t\t\t\t\t\t\t\t\t<p>Mica (muscovite &amp; phlogopite) is a plate\u2011like functional filler providing barrier effect, thermal\/electrical insulation and improved surface durability.<\/p>\t\t\t\t\t\t\t\t<\/div>\n\t\t\t\t<div class=\"elementor-element elementor-element-a41897c elementor-widget elementor-widget-button\" data-id=\"a41897c\" data-element_type=\"widget\" data-widget_type=\"button.default\">\n\t\t\t\t\t\t\t\t\t\t<a class=\"elementor-button elementor-button-link elementor-size-sm elementor-animation-grow\" href=\"https:\/\/www.alkanmineral.com\/en\/mika\/\">\n\t\t\t\t\t\t<span class=\"elementor-button-content-wrapper\">\n\t\t\t\t\t\t<span class=\"elementor-button-icon\">\n\t\t\t\t<svg aria-hidden=\"true\" class=\"e-font-icon-svg e-fas-arrow-right\" viewbox=\"0 0 448 512\" xmlns=\"http:\/\/www.w3.org\/2000\/svg\"><path d=\"M190.5 66.9l22.2-22.2c9.4-9.4 24.6-9.4 33.9 0L441 239c9.4 9.4 9.4 24.6 0 33.9L246.6 467.3c-9.4 9.4-24.6 9.4-33.9 0l-22.2-22.2c-9.5-9.5-9.3-25 .4-34.3L311.4 296H24c-13.3 0-24-10.7-24-24v-32c0-13.3 10.7-24 24-24h287.4L190.9 101.2c-9.8-9.3-10-24.8-.4-34.3z\"><\/path><\/svg>\t\t\t<\/span>\n\t\t\t\t\t\t\t\t\t<span class=\"elementor-button-text\">More Information<\/span>\n\t\t\t\t\t<\/span>\n\t\t\t\t\t<\/a>\n\t\t\t\t\t\t\t\t<\/div>\n\t\t\t\t<\/div>\n\t\t\t\t<\/div>\n\t\t<div class=\"elementor-element elementor-element-632e54d7 e-con-full e-flex e-con e-child\" data-id=\"632e54d7\" data-element_type=\"container\">\n\t\t\t\t<\/div>\n\t\t\t\t<\/div>\n\t\t\t\t\t<\/div>\n\t\t\t\t<\/div>\n\t\t<div class=\"elementor-element elementor-element-140ba9d5 e-con-full e-flex e-con e-parent\" data-id=\"140ba9d5\" data-element_type=\"container\" data-settings=\"{&quot;background_background&quot;:&quot;classic&quot;}\">\n\t\t<div class=\"elementor-element elementor-element-7735fbe2 e-con-full e-flex e-con e-child\" data-id=\"7735fbe2\" data-element_type=\"container\" data-settings=\"{&quot;background_background&quot;:&quot;classic&quot;}\">\n\t\t<div class=\"elementor-element elementor-element-6f9e87e8 e-con-full e-flex e-con e-child\" data-id=\"6f9e87e8\" data-element_type=\"container\">\n\t\t\t\t<div class=\"elementor-element elementor-element-dabd39f elementor-widget elementor-widget-image\" data-id=\"dabd39f\" data-element_type=\"widget\" data-widget_type=\"image.default\">\n\t\t\t\t\t\t\t\t\t\t\t\t\t\t\t<img loading=\"lazy\" decoding=\"async\" width=\"975\" height=\"768\" src=\"https:\/\/www.alkanmineral.com\/wp-content\/uploads\/2025\/11\/Incredibly.png\" class=\"attachment-full size-full wp-image-19\" alt=\"\" srcset=\"https:\/\/www.alkanmineral.com\/wp-content\/uploads\/2025\/11\/Incredibly.png 975w, https:\/\/www.alkanmineral.com\/wp-content\/uploads\/2025\/11\/Incredibly-300x236.png 300w, https:\/\/www.alkanmineral.com\/wp-content\/uploads\/2025\/11\/Incredibly-768x605.png 768w\" sizes=\"(max-width: 975px) 100vw, 975px\" \/>\t\t\t\t\t\t\t\t\t\t\t\t\t\t\t<\/div>\n\t\t\t\t<\/div>\n\t\t<div class=\"elementor-element elementor-element-59cd83f5 e-flex e-con-boxed e-con e-child\" data-id=\"59cd83f5\" data-element_type=\"container\">\n\t\t\t\t\t<div class=\"e-con-inner\">\n\t\t<div class=\"elementor-element elementor-element-68b61f88 e-con-full animated-slow e-flex elementor-invisible e-con e-child\" data-id=\"68b61f88\" data-element_type=\"container\" data-settings=\"{&quot;animation&quot;:&quot;fadeInUp&quot;}\">\n\t\t\t\t<div class=\"elementor-element elementor-element-5f8afdbc elementor-widget elementor-widget-heading\" data-id=\"5f8afdbc\" data-element_type=\"widget\" data-widget_type=\"heading.default\">\n\t\t\t\t\t<h2 class=\"elementor-heading-title elementor-size-default\">Applications<\/h2>\t\t\t\t<\/div>\n\t\t\t\t<div class=\"elementor-element elementor-element-3eab44fd elementor-widget elementor-widget-text-editor\" data-id=\"3eab44fd\" data-element_type=\"widget\" data-widget_type=\"text-editor.default\">\n\t\t\t\t\t\t\t\t\t<ul><li><strong>Oil &amp; Gas Industry:<\/strong> Bentonite and Barite for drilling fluids.<\/li><li><strong>Construction:<\/strong> Bentonite and Barite for drilling fluids<\/li><li><strong>Paper &amp; Packaging<\/strong> Calcium Carbonate for brightness and print quality.<\/li><li><strong>Paints &amp; Coatings:<\/strong> Barite and Calcium Carbonate as functional fillers.<\/li><li><strong>Plastics &amp; Rubber<\/strong> Barite and Calcium Carbonate for strength and density.<\/li><li><strong>Agriculture:<\/strong> Bentonite for soil conditioning and animal nutrition.<\/li><li><strong>Healthcare:<\/strong> Barite in radiology, Calcium Carbonate in pharmaceuticals.<\/li><\/ul>\t\t\t\t\t\t\t\t<\/div>\n\t\t\t\t<\/div>\n\t\t\t\t\t<\/div>\n\t\t\t\t<\/div>\n\t\t\t\t<\/div>\n\t\t\t\t<\/div>\n\t\t<div class=\"elementor-element elementor-element-7b83d7cd elementor-hidden-desktop elementor-hidden-tablet elementor-hidden-mobile e-flex e-con-boxed e-con e-parent\" data-id=\"7b83d7cd\" data-element_type=\"container\">\n\t\t\t\t\t<div class=\"e-con-inner\">\n\t\t<div class=\"elementor-element elementor-element-147e6564 e-flex e-con-boxed e-con e-child\" data-id=\"147e6564\" data-element_type=\"container\">\n\t\t\t\t\t<div class=\"e-con-inner\">\n\t\t\t\t<div class=\"elementor-element elementor-element-253fd498 elementor-widget elementor-widget-heading\" data-id=\"253fd498\" data-element_type=\"widget\" data-widget_type=\"heading.default\">\n\t\t\t\t\t<h6 class=\"elementor-heading-title elementor-size-default\">testimonial<\/h6>\t\t\t\t<\/div>\n\t\t\t\t<div class=\"elementor-element elementor-element-37a9b1f6 elementor-widget elementor-widget-heading\" data-id=\"37a9b1f6\" data-element_type=\"widget\" data-widget_type=\"heading.default\">\n\t\t\t\t\t<h2 class=\"elementor-heading-title elementor-size-default\">what they say about our services<\/h2>\t\t\t\t<\/div>\n\t\t\t\t\t<\/div>\n\t\t\t\t<\/div>\n\t\t<div class=\"elementor-element elementor-element-7361f5df e-flex e-con-boxed e-con e-child\" data-id=\"7361f5df\" data-element_type=\"container\">\n\t\t\t\t\t<div class=\"e-con-inner\">\n\t\t<div class=\"elementor-element elementor-element-7ae35dea animated-slow e-flex e-con-boxed elementor-invisible e-con e-child\" data-id=\"7ae35dea\" data-element_type=\"container\" data-settings=\"{&quot;animation&quot;:&quot;fadeInUp&quot;}\">\n\t\t\t\t\t<div class=\"e-con-inner\">\n\t\t\t\t<div class=\"elementor-element elementor-element-516219ce elementor-widget elementor-widget-testimonial\" data-id=\"516219ce\" data-element_type=\"widget\" data-widget_type=\"testimonial.default\">\n\t\t\t\t\t\t\t<div class=\"elementor-testimonial-wrapper\">\n\t\t\t\t\t\t\t<div class=\"elementor-testimonial-content\">Working with Tambank has been a testament to their exceptional expertise and commitment to ethical mining practices. Their team seamlessly blends technological innovation with environmental responsibility, creating a mining experience that not only delivers results but also contributes positively to the communities they operate in<\/div>\n\t\t\t\n\t\t\t\t\t\t<div class=\"elementor-testimonial-meta elementor-has-image elementor-testimonial-image-position-aside\">\n\t\t\t\t<div class=\"elementor-testimonial-meta-inner\">\n\t\t\t\t\t\t\t\t\t\t\t<div class=\"elementor-testimonial-image\">\n\t\t\t\t\t\t\t<img loading=\"lazy\" decoding=\"async\" width=\"800\" height=\"800\" src=\"https:\/\/www.alkanmineral.com\/wp-content\/uploads\/2025\/11\/Team7.jpg\" class=\"attachment-full size-full wp-image-35\" alt=\"\" srcset=\"https:\/\/www.alkanmineral.com\/wp-content\/uploads\/2025\/11\/Team7.jpg 800w, https:\/\/www.alkanmineral.com\/wp-content\/uploads\/2025\/11\/Team7-300x300.jpg 300w, https:\/\/www.alkanmineral.com\/wp-content\/uploads\/2025\/11\/Team7-150x150.jpg 150w, https:\/\/www.alkanmineral.com\/wp-content\/uploads\/2025\/11\/Team7-768x768.jpg 768w\" sizes=\"(max-width: 800px) 100vw, 800px\" \/>\t\t\t\t\t\t<\/div>\n\t\t\t\t\t\n\t\t\t\t\t\t\t\t\t\t<div class=\"elementor-testimonial-details\">\n\t\t\t\t\t\t\t\t\t\t\t\t\t\t<div class=\"elementor-testimonial-name\">Dyas Kardinal<\/div>\n\t\t\t\t\t\t\t\t\t\t\t\t\t\t\t\t\t\t\t\t\t\t<div class=\"elementor-testimonial-job\">CEO &amp; FOUNDER<\/div>\n\t\t\t\t\t\t\t\t\t\t\t\t\t<\/div>\n\t\t\t\t\t\t\t\t\t<\/div>\n\t\t\t<\/div>\n\t\t\t\t\t<\/div>\n\t\t\t\t\t\t<\/div>\n\t\t\t\t\t<\/div>\n\t\t\t\t<\/div>\n\t\t<div class=\"elementor-element elementor-element-c99fa animated-slow e-flex e-con-boxed elementor-invisible e-con e-child\" data-id=\"c99fa\" data-element_type=\"container\" data-settings=\"{&quot;animation&quot;:&quot;fadeInUp&quot;,&quot;animation_delay&quot;:200}\">\n\t\t\t\t\t<div class=\"e-con-inner\">\n\t\t\t\t<div class=\"elementor-element elementor-element-225eef2c elementor-widget elementor-widget-testimonial\" data-id=\"225eef2c\" data-element_type=\"widget\" data-widget_type=\"testimonial.default\">\n\t\t\t\t\t\t\t<div class=\"elementor-testimonial-wrapper\">\n\t\t\t\t\t\t\t<div class=\"elementor-testimonial-content\">We engaged with Tambank for a greenfield exploration project, and their dedication to thorough prospecting and accurate assessments impressed us. Their transparent communication and adherence to safety standards made them reliable partners in our quest for discovering untapped mineral deposits.<\/div>\n\t\t\t\n\t\t\t\t\t\t<div class=\"elementor-testimonial-meta elementor-has-image elementor-testimonial-image-position-aside\">\n\t\t\t\t<div class=\"elementor-testimonial-meta-inner\">\n\t\t\t\t\t\t\t\t\t\t\t<div class=\"elementor-testimonial-image\">\n\t\t\t\t\t\t\t<img loading=\"lazy\" decoding=\"async\" width=\"800\" height=\"800\" src=\"https:\/\/www.alkanmineral.com\/wp-content\/uploads\/2025\/11\/Team16.jpg\" class=\"attachment-full size-full wp-image-36\" alt=\"\" srcset=\"https:\/\/www.alkanmineral.com\/wp-content\/uploads\/2025\/11\/Team16.jpg 800w, https:\/\/www.alkanmineral.com\/wp-content\/uploads\/2025\/11\/Team16-300x300.jpg 300w, https:\/\/www.alkanmineral.com\/wp-content\/uploads\/2025\/11\/Team16-150x150.jpg 150w, https:\/\/www.alkanmineral.com\/wp-content\/uploads\/2025\/11\/Team16-768x768.jpg 768w\" sizes=\"(max-width: 800px) 100vw, 800px\" \/>\t\t\t\t\t\t<\/div>\n\t\t\t\t\t\n\t\t\t\t\t\t\t\t\t\t<div class=\"elementor-testimonial-details\">\n\t\t\t\t\t\t\t\t\t\t\t\t\t\t<div class=\"elementor-testimonial-name\">Elsa Verina<\/div>\n\t\t\t\t\t\t\t\t\t\t\t\t\t\t\t\t\t\t\t\t\t\t<div class=\"elementor-testimonial-job\">CEO &amp; FOUNDER<\/div>\n\t\t\t\t\t\t\t\t\t\t\t\t\t<\/div>\n\t\t\t\t\t\t\t\t\t<\/div>\n\t\t\t<\/div>\n\t\t\t\t\t<\/div>\n\t\t\t\t\t\t<\/div>\n\t\t\t\t\t<\/div>\n\t\t\t\t<\/div>\n\t\t\t\t\t<\/div>\n\t\t\t\t<\/div>\n\t\t\t\t\t<\/div>\n\t\t\t\t<\/div>\n\t\t\t\t<\/div>","protected":false},"excerpt":{"rendered":"<p>Anasayfa &gt; \u00dcr\u00fcnlerimiz \u00dcr\u00fcnlerimiz D\u00f6rt ana end\u00fcstriyel mineral tedarik ediyoruz Bentonit Montmorillonit a\u00e7\u0131s\u0131ndan zengin do\u011fal bir kil olan bentonit, \u015fi\u015fme ve reolojik \u00f6zellikleri ile bilinir. daha fazla bilgi Barit Barit (Baryum S\u00fclfat), y\u00fcksek yo\u011funluk, safl\u0131k ve beyazl\u0131k ile \u00f6ne \u00e7\u0131kan bir mineraldir. Daha Fazla Bilgi Kalsiyum Karbonat Kalsiyum Karbonat, \u00e7ok y\u00f6nl\u00fc kullan\u0131ma sahip end\u00fcstriyel bir [&hellip;]<\/p>","protected":false},"author":1,"featured_media":0,"parent":0,"menu_order":0,"comment_status":"closed","ping_status":"closed","template":"elementor_header_footer","meta":{"footnotes":""},"class_list":["post-50","page","type-page","status-publish","hentry"],"_links":{"self":[{"href":"https:\/\/www.alkanmineral.com\/en\/wp-json\/wp\/v2\/pages\/50","targetHints":{"allow":["GET"]}}],"collection":[{"href":"https:\/\/www.alkanmineral.com\/en\/wp-json\/wp\/v2\/pages"}],"about":[{"href":"https:\/\/www.alkanmineral.com\/en\/wp-json\/wp\/v2\/types\/page"}],"author":[{"embeddable":true,"href":"https:\/\/www.alkanmineral.com\/en\/wp-json\/wp\/v2\/users\/1"}],"replies":[{"embeddable":true,"href":"https:\/\/www.alkanmineral.com\/en\/wp-json\/wp\/v2\/comments?post=50"}],"version-history":[{"count":20,"href":"https:\/\/www.alkanmineral.com\/en\/wp-json\/wp\/v2\/pages\/50\/revisions"}],"predecessor-version":[{"id":203,"href":"https:\/\/www.alkanmineral.com\/en\/wp-json\/wp\/v2\/pages\/50\/revisions\/203"}],"wp:attachment":[{"href":"https:\/\/www.alkanmineral.com\/en\/wp-json\/wp\/v2\/media?parent=50"}],"curies":[{"name":"wp","href":"https:\/\/api.w.org\/{rel}","templated":true}]}}