{"id":43,"date":"2025-11-12T13:40:14","date_gmt":"2025-11-12T10:40:14","guid":{"rendered":"https:\/\/www.alkanmineral.com\/?page_id=43"},"modified":"2025-11-12T14:18:24","modified_gmt":"2025-11-12T11:18:24","slug":"hakkimizda","status":"publish","type":"page","link":"https:\/\/www.alkanmineral.com\/en\/hakkimizda\/","title":{"rendered":"about us"},"content":{"rendered":"<div data-elementor-type=\"wp-page\" data-elementor-id=\"43\" class=\"elementor elementor-43\" data-elementor-post-type=\"page\">\n\t\t\t\t<div class=\"elementor-element elementor-element-64bad158 e-flex e-con-boxed e-con e-parent\" data-id=\"64bad158\" data-element_type=\"container\" data-settings=\"{&quot;background_background&quot;:&quot;classic&quot;}\">\n\t\t\t\t\t<div class=\"e-con-inner\">\n\t\t\t\t<div class=\"elementor-element elementor-element-e934b32 elementor-widget elementor-widget-text-editor\" data-id=\"e934b32\" data-element_type=\"widget\" data-widget_type=\"text-editor.default\">\n\t\t\t\t\t\t\t\t\t<a href=\"https:\/\/www.alkanmineral.com\/en\/\">home<\/a> &gt;ABOUT US\t\t\t\t\t\t\t\t<\/div>\n\t\t\t\t\t<\/div>\n\t\t\t\t<\/div>\n\t\t<div class=\"elementor-element elementor-element-531ea0b9 e-flex e-con-boxed e-con e-parent\" data-id=\"531ea0b9\" data-element_type=\"container\">\n\t\t\t\t\t<div class=\"e-con-inner\">\n\t\t<div class=\"elementor-element elementor-element-67e86dc2 animated-slow e-flex e-con-boxed elementor-invisible e-con e-child\" data-id=\"67e86dc2\" data-element_type=\"container\" data-settings=\"{&quot;animation&quot;:&quot;fadeInUp&quot;}\">\n\t\t\t\t\t<div class=\"e-con-inner\">\n\t\t\t\t<div class=\"elementor-element elementor-element-6f490b7f elementor-widget elementor-widget-heading\" data-id=\"6f490b7f\" data-element_type=\"widget\" data-widget_type=\"heading.default\">\n\t\t\t\t\t<h6 class=\"elementor-heading-title elementor-size-default\">Alkan mineral<\/h6>\t\t\t\t<\/div>\n\t\t\t\t<div class=\"elementor-element elementor-element-5cea0300 elementor-widget elementor-widget-heading\" data-id=\"5cea0300\" data-element_type=\"widget\" data-widget_type=\"heading.default\">\n\t\t\t\t\t<h2 class=\"elementor-heading-title elementor-size-default\">Who We Are<\/h2>\t\t\t\t<\/div>\n\t\t\t\t<div class=\"elementor-element elementor-element-6332726f elementor-widget elementor-widget-text-editor\" data-id=\"6332726f\" data-element_type=\"widget\" data-widget_type=\"text-editor.default\">\n\t\t\t\t\t\t\t\t\t<strong>ALKAN MINERAL specializes in the production, processing, and supply of high-quality industrial minerals. Our expertise lies in providing customized mineral solutions tailored to the requirements of diverse industries. <\/strong>\t\t\t\t\t\t\t\t<\/div>\n\t\t<div class=\"elementor-element elementor-element-43aa825b e-flex e-con-boxed e-con e-child\" data-id=\"43aa825b\" data-element_type=\"container\">\n\t\t\t\t\t<div class=\"e-con-inner\">\n\t\t\t\t<div class=\"elementor-element elementor-element-8fcf8f9 elementor-widget elementor-widget-text-editor\" data-id=\"8fcf8f9\" data-element_type=\"widget\" data-widget_type=\"text-editor.default\">\n\t\t\t\t\t\t\t\t\t<p><strong>Our Vision<\/strong><br \/>To become a leading global supplier of industrial minerals, delivering sustainable, innovative, and cost-effective solutions.<\/p><p><strong>Our Mission<\/strong><\/p><ul><li>To ensure consistent product quality and customer satisfaction.<\/li><li>To operate responsibly, focusing on environmental sustainability.<\/li><li>To strengthen our role as a trusted partner for international industries.<\/li><\/ul>\t\t\t\t\t\t\t\t<\/div>\n\t\t<div class=\"elementor-element elementor-element-4b60674f e-flex e-con-boxed e-con e-child\" data-id=\"4b60674f\" data-element_type=\"container\">\n\t\t\t\t\t<div class=\"e-con-inner\">\n\t\t\t\t<div class=\"elementor-element elementor-element-156fce52 elementor-widget elementor-widget-button\" data-id=\"156fce52\" data-element_type=\"widget\" data-widget_type=\"button.default\">\n\t\t\t\t\t\t\t\t\t\t<a class=\"elementor-button elementor-button-link elementor-size-sm elementor-animation-grow\" href=\"https:\/\/www.alkanmineral.com\/en\/iletisim\/\">\n\t\t\t\t\t\t<span class=\"elementor-button-content-wrapper\">\n\t\t\t\t\t\t\t\t\t<span class=\"elementor-button-text\">GET IN TOUCH<\/span>\n\t\t\t\t\t<\/span>\n\t\t\t\t\t<\/a>\n\t\t\t\t\t\t\t\t<\/div>\n\t\t\t\t\t<\/div>\n\t\t\t\t<\/div>\n\t\t\t\t\t<\/div>\n\t\t\t\t<\/div>\n\t\t\t\t\t<\/div>\n\t\t\t\t<\/div>\n\t\t<div class=\"elementor-element elementor-element-6916bbd2 e-flex e-con-boxed e-con e-child\" data-id=\"6916bbd2\" data-element_type=\"container\">\n\t\t\t\t\t<div class=\"e-con-inner\">\n\t\t<div class=\"elementor-element elementor-element-6453bd05 e-con-full e-transform e-flex e-con e-child\" data-id=\"6453bd05\" data-element_type=\"container\" data-settings=\"{&quot;background_background&quot;:&quot;classic&quot;,&quot;_transform_rotateZ_effect&quot;:{&quot;unit&quot;:&quot;px&quot;,&quot;size&quot;:-90,&quot;sizes&quot;:[]},&quot;_transform_rotateZ_effect_tablet&quot;:{&quot;unit&quot;:&quot;deg&quot;,&quot;size&quot;:&quot;&quot;,&quot;sizes&quot;:[]},&quot;_transform_rotateZ_effect_mobile&quot;:{&quot;unit&quot;:&quot;deg&quot;,&quot;size&quot;:&quot;&quot;,&quot;sizes&quot;:[]}}\">\n\t\t\t\t<div class=\"elementor-element elementor-element-2a619bcd elementor-widget elementor-widget-heading\" data-id=\"2a619bcd\" data-element_type=\"widget\" data-widget_type=\"heading.default\">\n\t\t\t\t\t<h5 class=\"elementor-heading-title elementor-size-default\">10+ Years of Experience<\/h5>\t\t\t\t<\/div>\n\t\t\t\t<\/div>\n\t\t\t\t<div class=\"elementor-element elementor-element-33aa653d elementor-widget elementor-widget-image\" data-id=\"33aa653d\" data-element_type=\"widget\" data-widget_type=\"image.default\">\n\t\t\t\t\t\t\t\t\t\t\t\t\t\t\t<img fetchpriority=\"high\" decoding=\"async\" width=\"1920\" height=\"1280\" src=\"https:\/\/www.alkanmineral.com\/wp-content\/uploads\/2025\/11\/coal-mining-in-surface-mine-miner-looking-on-the-2023-11-27-05-30-10-utc.jpg\" class=\"attachment-full size-full wp-image-29\" alt=\"\" srcset=\"https:\/\/www.alkanmineral.com\/wp-content\/uploads\/2025\/11\/coal-mining-in-surface-mine-miner-looking-on-the-2023-11-27-05-30-10-utc.jpg 1920w, https:\/\/www.alkanmineral.com\/wp-content\/uploads\/2025\/11\/coal-mining-in-surface-mine-miner-looking-on-the-2023-11-27-05-30-10-utc-300x200.jpg 300w, https:\/\/www.alkanmineral.com\/wp-content\/uploads\/2025\/11\/coal-mining-in-surface-mine-miner-looking-on-the-2023-11-27-05-30-10-utc-1024x683.jpg 1024w, https:\/\/www.alkanmineral.com\/wp-content\/uploads\/2025\/11\/coal-mining-in-surface-mine-miner-looking-on-the-2023-11-27-05-30-10-utc-768x512.jpg 768w, https:\/\/www.alkanmineral.com\/wp-content\/uploads\/2025\/11\/coal-mining-in-surface-mine-miner-looking-on-the-2023-11-27-05-30-10-utc-1536x1024.jpg 1536w\" sizes=\"(max-width: 1920px) 100vw, 1920px\" \/>\t\t\t\t\t\t\t\t\t\t\t\t\t\t\t<\/div>\n\t\t\t\t\t<\/div>\n\t\t\t\t<\/div>\n\t\t\t\t\t<\/div>\n\t\t\t\t<\/div>\n\t\t<div class=\"elementor-element elementor-element-3765dbb2 e-flex e-con-boxed e-con e-parent\" data-id=\"3765dbb2\" data-element_type=\"container\" data-settings=\"{&quot;background_background&quot;:&quot;classic&quot;}\">\n\t\t\t\t\t<div class=\"e-con-inner\">\n\t\t\t\t<div class=\"elementor-element elementor-element-60857d99 elementor-widget elementor-widget-heading\" data-id=\"60857d99\" data-element_type=\"widget\" data-widget_type=\"heading.default\">\n\t\t\t\t\t<h2 class=\"elementor-heading-title elementor-size-default\">The Natural Source of Trust and Quality<\/h2>\t\t\t\t<\/div>\n\t\t\t\t\t<\/div>\n\t\t\t\t<\/div>\n\t\t<div class=\"elementor-element elementor-element-fe8f725 e-con-full e-flex e-con e-parent\" data-id=\"fe8f725\" data-element_type=\"container\" data-settings=\"{&quot;background_background&quot;:&quot;classic&quot;}\">\n\t\t<div class=\"elementor-element elementor-element-309442b8 e-con-full e-flex e-con e-child\" data-id=\"309442b8\" data-element_type=\"container\" data-settings=\"{&quot;background_background&quot;:&quot;classic&quot;}\">\n\t\t<div class=\"elementor-element elementor-element-336c776 e-con-full e-flex e-con e-child\" data-id=\"336c776\" data-element_type=\"container\">\n\t\t\t\t<div class=\"elementor-element elementor-element-5be20424 elementor-widget elementor-widget-image\" data-id=\"5be20424\" data-element_type=\"widget\" data-widget_type=\"image.default\">\n\t\t\t\t\t\t\t\t\t\t\t\t\t\t\t<img decoding=\"async\" width=\"975\" height=\"768\" src=\"https:\/\/www.alkanmineral.com\/wp-content\/uploads\/2025\/11\/Incredibly.png\" class=\"attachment-full size-full wp-image-19\" alt=\"\" srcset=\"https:\/\/www.alkanmineral.com\/wp-content\/uploads\/2025\/11\/Incredibly.png 975w, https:\/\/www.alkanmineral.com\/wp-content\/uploads\/2025\/11\/Incredibly-300x236.png 300w, https:\/\/www.alkanmineral.com\/wp-content\/uploads\/2025\/11\/Incredibly-768x605.png 768w\" sizes=\"(max-width: 975px) 100vw, 975px\" \/>\t\t\t\t\t\t\t\t\t\t\t\t\t\t\t<\/div>\n\t\t\t\t<\/div>\n\t\t<div class=\"elementor-element elementor-element-6655561d e-flex e-con-boxed e-con e-child\" data-id=\"6655561d\" data-element_type=\"container\">\n\t\t\t\t\t<div class=\"e-con-inner\">\n\t\t<div class=\"elementor-element elementor-element-4989b52e e-con-full animated-slow e-flex elementor-invisible e-con e-child\" data-id=\"4989b52e\" data-element_type=\"container\" data-settings=\"{&quot;animation&quot;:&quot;fadeInUp&quot;}\">\n\t\t\t\t<div class=\"elementor-element elementor-element-239cc892 elementor-widget elementor-widget-heading\" data-id=\"239cc892\" data-element_type=\"widget\" data-widget_type=\"heading.default\">\n\t\t\t\t\t<h2 class=\"elementor-heading-title elementor-size-default\">Why Choose Us?<\/h2>\t\t\t\t<\/div>\n\t\t\t\t<div class=\"elementor-element elementor-element-5a08188f elementor-widget elementor-widget-text-editor\" data-id=\"5a08188f\" data-element_type=\"widget\" data-widget_type=\"text-editor.default\">\n\t\t\t\t\t\t\t\t\t<ul><li><p><strong>Bizi Se\u00e7melisiniz?<\/strong><\/p><ul><li>High-quality mineral sourcing &amp; processing.<\/li><li>Competitive export-ready logistics.<\/li><li>Strong technical support &amp; industry knowledge.<\/li><li>Commitment to long-term partnerships.<\/li><\/ul><\/li><\/ul>\t\t\t\t\t\t\t\t<\/div>\n\t\t<div class=\"elementor-element elementor-element-6ddb3300 e-flex e-con-boxed e-con e-child\" data-id=\"6ddb3300\" data-element_type=\"container\">\n\t\t\t\t\t<div class=\"e-con-inner\">\n\t\t\t\t\t<\/div>\n\t\t\t\t<\/div>\n\t\t\t\t<\/div>\n\t\t\t\t\t<\/div>\n\t\t\t\t<\/div>\n\t\t\t\t<\/div>\n\t\t\t\t<\/div>\n\t\t<div class=\"elementor-element elementor-element-8b0f52f elementor-hidden-desktop elementor-hidden-tablet elementor-hidden-mobile e-flex e-con-boxed e-con e-parent\" data-id=\"8b0f52f\" data-element_type=\"container\">\n\t\t\t\t\t<div class=\"e-con-inner\">\n\t\t<div class=\"elementor-element elementor-element-213e1be8 e-flex e-con-boxed e-con e-child\" data-id=\"213e1be8\" data-element_type=\"container\">\n\t\t\t\t\t<div class=\"e-con-inner\">\n\t\t\t\t<div class=\"elementor-element elementor-element-17e9f18f elementor-widget elementor-widget-heading\" data-id=\"17e9f18f\" data-element_type=\"widget\" data-widget_type=\"heading.default\">\n\t\t\t\t\t<h6 class=\"elementor-heading-title elementor-size-default\">testimonial<\/h6>\t\t\t\t<\/div>\n\t\t\t\t<div class=\"elementor-element elementor-element-3bf93a30 elementor-widget elementor-widget-heading\" data-id=\"3bf93a30\" data-element_type=\"widget\" data-widget_type=\"heading.default\">\n\t\t\t\t\t<h2 class=\"elementor-heading-title elementor-size-default\">what they say about our services<\/h2>\t\t\t\t<\/div>\n\t\t\t\t\t<\/div>\n\t\t\t\t<\/div>\n\t\t<div class=\"elementor-element elementor-element-10029094 e-flex e-con-boxed e-con e-child\" data-id=\"10029094\" data-element_type=\"container\">\n\t\t\t\t\t<div class=\"e-con-inner\">\n\t\t<div class=\"elementor-element elementor-element-7ececf5 animated-slow e-flex e-con-boxed elementor-invisible e-con e-child\" data-id=\"7ececf5\" data-element_type=\"container\" data-settings=\"{&quot;animation&quot;:&quot;fadeInUp&quot;}\">\n\t\t\t\t\t<div class=\"e-con-inner\">\n\t\t\t\t<div class=\"elementor-element elementor-element-68057bd3 elementor-widget elementor-widget-testimonial\" data-id=\"68057bd3\" data-element_type=\"widget\" data-widget_type=\"testimonial.default\">\n\t\t\t\t\t\t\t<div class=\"elementor-testimonial-wrapper\">\n\t\t\t\t\t\t\t<div class=\"elementor-testimonial-content\">Working with Tambank has been a testament to their exceptional expertise and commitment to ethical mining practices. Their team seamlessly blends technological innovation with environmental responsibility, creating a mining experience that not only delivers results but also contributes positively to the communities they operate in<\/div>\n\t\t\t\n\t\t\t\t\t\t<div class=\"elementor-testimonial-meta elementor-has-image elementor-testimonial-image-position-aside\">\n\t\t\t\t<div class=\"elementor-testimonial-meta-inner\">\n\t\t\t\t\t\t\t\t\t\t\t<div class=\"elementor-testimonial-image\">\n\t\t\t\t\t\t\t<img decoding=\"async\" width=\"800\" height=\"800\" src=\"https:\/\/www.alkanmineral.com\/wp-content\/uploads\/2025\/11\/Team7.jpg\" class=\"attachment-full size-full wp-image-35\" alt=\"\" srcset=\"https:\/\/www.alkanmineral.com\/wp-content\/uploads\/2025\/11\/Team7.jpg 800w, https:\/\/www.alkanmineral.com\/wp-content\/uploads\/2025\/11\/Team7-300x300.jpg 300w, https:\/\/www.alkanmineral.com\/wp-content\/uploads\/2025\/11\/Team7-150x150.jpg 150w, https:\/\/www.alkanmineral.com\/wp-content\/uploads\/2025\/11\/Team7-768x768.jpg 768w\" sizes=\"(max-width: 800px) 100vw, 800px\" \/>\t\t\t\t\t\t<\/div>\n\t\t\t\t\t\n\t\t\t\t\t\t\t\t\t\t<div class=\"elementor-testimonial-details\">\n\t\t\t\t\t\t\t\t\t\t\t\t\t\t<div class=\"elementor-testimonial-name\">Dyas Kardinal<\/div>\n\t\t\t\t\t\t\t\t\t\t\t\t\t\t\t\t\t\t\t\t\t\t<div class=\"elementor-testimonial-job\">CEO &amp; FOUNDER<\/div>\n\t\t\t\t\t\t\t\t\t\t\t\t\t<\/div>\n\t\t\t\t\t\t\t\t\t<\/div>\n\t\t\t<\/div>\n\t\t\t\t\t<\/div>\n\t\t\t\t\t\t<\/div>\n\t\t\t\t\t<\/div>\n\t\t\t\t<\/div>\n\t\t<div class=\"elementor-element elementor-element-5f377e33 animated-slow e-flex e-con-boxed elementor-invisible e-con e-child\" data-id=\"5f377e33\" data-element_type=\"container\" data-settings=\"{&quot;animation&quot;:&quot;fadeInUp&quot;,&quot;animation_delay&quot;:200}\">\n\t\t\t\t\t<div class=\"e-con-inner\">\n\t\t\t\t<div class=\"elementor-element elementor-element-40336aed elementor-widget elementor-widget-testimonial\" data-id=\"40336aed\" data-element_type=\"widget\" data-widget_type=\"testimonial.default\">\n\t\t\t\t\t\t\t<div class=\"elementor-testimonial-wrapper\">\n\t\t\t\t\t\t\t<div class=\"elementor-testimonial-content\">We engaged with Tambank for a greenfield exploration project, and their dedication to thorough prospecting and accurate assessments impressed us. Their transparent communication and adherence to safety standards made them reliable partners in our quest for discovering untapped mineral deposits.<\/div>\n\t\t\t\n\t\t\t\t\t\t<div class=\"elementor-testimonial-meta elementor-has-image elementor-testimonial-image-position-aside\">\n\t\t\t\t<div class=\"elementor-testimonial-meta-inner\">\n\t\t\t\t\t\t\t\t\t\t\t<div class=\"elementor-testimonial-image\">\n\t\t\t\t\t\t\t<img loading=\"lazy\" decoding=\"async\" width=\"800\" height=\"800\" src=\"https:\/\/www.alkanmineral.com\/wp-content\/uploads\/2025\/11\/Team16.jpg\" class=\"attachment-full size-full wp-image-36\" alt=\"\" srcset=\"https:\/\/www.alkanmineral.com\/wp-content\/uploads\/2025\/11\/Team16.jpg 800w, https:\/\/www.alkanmineral.com\/wp-content\/uploads\/2025\/11\/Team16-300x300.jpg 300w, https:\/\/www.alkanmineral.com\/wp-content\/uploads\/2025\/11\/Team16-150x150.jpg 150w, https:\/\/www.alkanmineral.com\/wp-content\/uploads\/2025\/11\/Team16-768x768.jpg 768w\" sizes=\"(max-width: 800px) 100vw, 800px\" \/>\t\t\t\t\t\t<\/div>\n\t\t\t\t\t\n\t\t\t\t\t\t\t\t\t\t<div class=\"elementor-testimonial-details\">\n\t\t\t\t\t\t\t\t\t\t\t\t\t\t<div class=\"elementor-testimonial-name\">Elsa Verina<\/div>\n\t\t\t\t\t\t\t\t\t\t\t\t\t\t\t\t\t\t\t\t\t\t<div class=\"elementor-testimonial-job\">CEO &amp; FOUNDER<\/div>\n\t\t\t\t\t\t\t\t\t\t\t\t\t<\/div>\n\t\t\t\t\t\t\t\t\t<\/div>\n\t\t\t<\/div>\n\t\t\t\t\t<\/div>\n\t\t\t\t\t\t<\/div>\n\t\t\t\t\t<\/div>\n\t\t\t\t<\/div>\n\t\t\t\t\t<\/div>\n\t\t\t\t<\/div>\n\t\t\t\t\t<\/div>\n\t\t\t\t<\/div>\n\t\t\t\t<\/div>","protected":false},"excerpt":{"rendered":"<p>Anasayfa &gt; Hakk\u0131m\u0131zda Alkan mineral Biz Kimiz? ALKAN M\u0130NERAL, y\u00fcksek kaliteli end\u00fcstriyel minerallerin \u00fcretimi, i\u015flenmesi ve tedarikinde uzmanla\u015fm\u0131\u015ft\u0131r. Farkl\u0131 sekt\u00f6rlerin ihtiya\u00e7lar\u0131na uygun \u00f6zel \u00e7\u00f6z\u00fcmler sunar\u0131z. VizyonumuzS\u00fcrd\u00fcr\u00fclebilir, yenilik\u00e7i ve maliyet etkin \u00e7\u00f6z\u00fcmler sunarak end\u00fcstriyel minerallerde k\u00fcresel bir lider olmak. Misyonumuz Tutarl\u0131 \u00fcr\u00fcn kalitesi ve m\u00fc\u015fteri memnuniyeti sa\u011flamak. \u00c7evresel s\u00fcrd\u00fcr\u00fclebilirli\u011fi \u00f6n planda tutmak. Uluslararas\u0131 sekt\u00f6rlerde g\u00fcvenilir bir [&hellip;]<\/p>","protected":false},"author":1,"featured_media":0,"parent":0,"menu_order":0,"comment_status":"closed","ping_status":"closed","template":"","meta":{"footnotes":""},"class_list":["post-43","page","type-page","status-publish","hentry"],"_links":{"self":[{"href":"https:\/\/www.alkanmineral.com\/en\/wp-json\/wp\/v2\/pages\/43","targetHints":{"allow":["GET"]}}],"collection":[{"href":"https:\/\/www.alkanmineral.com\/en\/wp-json\/wp\/v2\/pages"}],"about":[{"href":"https:\/\/www.alkanmineral.com\/en\/wp-json\/wp\/v2\/types\/page"}],"author":[{"embeddable":true,"href":"https:\/\/www.alkanmineral.com\/en\/wp-json\/wp\/v2\/users\/1"}],"replies":[{"embeddable":true,"href":"https:\/\/www.alkanmineral.com\/en\/wp-json\/wp\/v2\/comments?post=43"}],"version-history":[{"count":10,"href":"https:\/\/www.alkanmineral.com\/en\/wp-json\/wp\/v2\/pages\/43\/revisions"}],"predecessor-version":[{"id":129,"href":"https:\/\/www.alkanmineral.com\/en\/wp-json\/wp\/v2\/pages\/43\/revisions\/129"}],"wp:attachment":[{"href":"https:\/\/www.alkanmineral.com\/en\/wp-json\/wp\/v2\/media?parent=43"}],"curies":[{"name":"wp","href":"https:\/\/api.w.org\/{rel}","templated":true}]}}