{"id":177,"date":"2025-11-12T14:54:14","date_gmt":"2025-11-12T11:54:14","guid":{"rendered":"https:\/\/www.alkanmineral.com\/?page_id=177"},"modified":"2025-11-12T14:54:50","modified_gmt":"2025-11-12T11:54:50","slug":"kalsiyum-karbonat","status":"publish","type":"page","link":"https:\/\/www.alkanmineral.com\/en\/kalsiyum-karbonat\/","title":{"rendered":"Calcium Carbonate"},"content":{"rendered":"<div data-elementor-type=\"wp-page\" data-elementor-id=\"177\" class=\"elementor elementor-177\" data-elementor-post-type=\"page\">\n\t\t\t\t<div class=\"elementor-element elementor-element-2482d4c6 e-flex e-con-boxed e-con e-parent\" data-id=\"2482d4c6\" data-element_type=\"container\" data-settings=\"{&quot;background_background&quot;:&quot;classic&quot;}\">\n\t\t\t\t\t<div class=\"e-con-inner\">\n\t\t\t\t<div class=\"elementor-element elementor-element-8f2d56d elementor-widget elementor-widget-theme-post-title elementor-page-title elementor-widget-heading\" data-id=\"8f2d56d\" data-element_type=\"widget\" data-widget_type=\"theme-post-title.default\">\n\t\t\t\t\t<h2 class=\"elementor-heading-title elementor-size-default\">Calcium Carbonate<\/h2>\t\t\t\t<\/div>\n\t\t\t\t<div class=\"elementor-element elementor-element-35de47cb elementor-widget elementor-widget-text-editor\" data-id=\"35de47cb\" data-element_type=\"widget\" data-widget_type=\"text-editor.default\">\n\t\t\t\t\t\t\t\t\t<a href=\"https:\/\/www.alkanmineral.com\/index.php\/servisler\/ \"> Products &gt; <\/a>Calcium Carbonate\t\t\t\t\t\t\t\t<\/div>\n\t\t\t\t\t<\/div>\n\t\t\t\t<\/div>\n\t\t<div class=\"elementor-element elementor-element-79664b98 e-flex e-con-boxed e-con e-parent\" data-id=\"79664b98\" data-element_type=\"container\">\n\t\t\t\t\t<div class=\"e-con-inner\">\n\t\t<div class=\"elementor-element elementor-element-11efd048 e-con-full e-flex e-con e-child\" data-id=\"11efd048\" data-element_type=\"container\">\n\t\t\t\t<div class=\"elementor-element elementor-element-68b488c5 elementor-widget elementor-widget-image\" data-id=\"68b488c5\" data-element_type=\"widget\" data-widget_type=\"image.default\">\n\t\t\t\t\t\t\t\t\t\t\t\t\t\t\t<img decoding=\"async\" src=\"https:\/\/www.alkanmineral.com\/wp-content\/uploads\/elementor\/thumbs\/miners-inspecting-land-for-minerals-2023-11-27-05-19-40-utc-reldictoh7ld20epolys4r20whppqdhn0woeur9v2g.jpg\" title=\"miners-inspecting-land-for-minerals-2023-11-27-05-19-40-utc.jpg\" alt=\"miners-inspecting-land-for-minerals-2023-11-27-05-19-40-utc.jpg\" loading=\"lazy\" \/>\t\t\t\t\t\t\t\t\t\t\t\t\t\t\t<\/div>\n\t\t\t\t<div class=\"elementor-element elementor-element-747af7da elementor-widget elementor-widget-heading\" data-id=\"747af7da\" data-element_type=\"widget\" data-widget_type=\"heading.default\">\n\t\t\t\t\t<h2 class=\"elementor-heading-title elementor-size-default\">Calcium Carbonate<\/h2>\t\t\t\t<\/div>\n\t\t\t\t<div class=\"elementor-element elementor-element-75eaafff elementor-widget elementor-widget-text-editor\" data-id=\"75eaafff\" data-element_type=\"widget\" data-widget_type=\"text-editor.default\">\n\t\t\t\t\t\t\t\t\t<p><strong>Calcium Carbonate (calcite, GCC) offers high whiteness and controlled particle size distribution for plastics, paints, paper and construction chemicals.<\/strong><\/p><p><strong>Applications<\/strong><\/p><ul><li>Plastics &amp; masterbatches (PVC\/PP\/PE)<\/li><li>Paints, coatings &amp; inks<\/li><li>Paper filling\/coating, adhesives &amp; sealants<\/li><li>Building materials and lime\u2011based products<\/li><\/ul><p>Options: coated (stearic) and uncoated grades; wide micron range.<\/p><p>Packaging: 25\u2011kg bags, 1\u2011t big bags.<\/p>\t\t\t\t\t\t\t\t<\/div>\n\t\t\t\t<\/div>\n\t\t\t\t\t<\/div>\n\t\t\t\t<\/div>\n\t\t\t\t<\/div>","protected":false},"excerpt":{"rendered":"<p>\u00dcr\u00fcnler &gt; Kalsiyum Karbonat Kalsiyum Karbonat Kalsit (Kalsiyum Karbonat, GCC), y\u00fcksek beyazl\u0131k\/safl\u0131k ve kontroll\u00fc tane da\u011f\u0131l\u0131m\u0131 ile plastik, boya, ka\u011f\u0131t ve in\u015faat uygulamalar\u0131nda performans ve maliyet optimizasyonu sa\u011flar. Applications \/ Kullan\u0131m Alanlar\u0131: Plastik ve masterbatch, PVC\/PP\/PE bile\u015fikleri Boya, kaplama ve m\u00fcrekkep Ka\u011f\u0131t dolgu\/kaplama, yap\u0131\u015ft\u0131r\u0131c\u0131 ve mastikler \u0130n\u015faat kimyasallar\u0131, kire\u00e7\u2011bazl\u0131 \u00fcr\u00fcnler Opsiyonlar: Kapl\u0131 (stearik asit) ve [&hellip;]<\/p>","protected":false},"author":1,"featured_media":0,"parent":0,"menu_order":0,"comment_status":"closed","ping_status":"closed","template":"","meta":{"footnotes":""},"class_list":["post-177","page","type-page","status-publish","hentry"],"_links":{"self":[{"href":"https:\/\/www.alkanmineral.com\/en\/wp-json\/wp\/v2\/pages\/177","targetHints":{"allow":["GET"]}}],"collection":[{"href":"https:\/\/www.alkanmineral.com\/en\/wp-json\/wp\/v2\/pages"}],"about":[{"href":"https:\/\/www.alkanmineral.com\/en\/wp-json\/wp\/v2\/types\/page"}],"author":[{"embeddable":true,"href":"https:\/\/www.alkanmineral.com\/en\/wp-json\/wp\/v2\/users\/1"}],"replies":[{"embeddable":true,"href":"https:\/\/www.alkanmineral.com\/en\/wp-json\/wp\/v2\/comments?post=177"}],"version-history":[{"count":4,"href":"https:\/\/www.alkanmineral.com\/en\/wp-json\/wp\/v2\/pages\/177\/revisions"}],"predecessor-version":[{"id":181,"href":"https:\/\/www.alkanmineral.com\/en\/wp-json\/wp\/v2\/pages\/177\/revisions\/181"}],"wp:attachment":[{"href":"https:\/\/www.alkanmineral.com\/en\/wp-json\/wp\/v2\/media?parent=177"}],"curies":[{"name":"wp","href":"https:\/\/api.w.org\/{rel}","templated":true}]}}