{"id":172,"date":"2025-11-12T14:52:59","date_gmt":"2025-11-12T11:52:59","guid":{"rendered":"https:\/\/www.alkanmineral.com\/?page_id=172"},"modified":"2025-11-12T14:53:49","modified_gmt":"2025-11-12T11:53:49","slug":"bentonit","status":"publish","type":"page","link":"https:\/\/www.alkanmineral.com\/en\/bentonit\/","title":{"rendered":"Bentonite"},"content":{"rendered":"<div data-elementor-type=\"wp-page\" data-elementor-id=\"172\" class=\"elementor elementor-172\" data-elementor-post-type=\"page\">\n\t\t\t\t<div class=\"elementor-element elementor-element-a14b87e e-flex e-con-boxed e-con e-parent\" data-id=\"a14b87e\" data-element_type=\"container\" data-settings=\"{&quot;background_background&quot;:&quot;classic&quot;}\">\n\t\t\t\t\t<div class=\"e-con-inner\">\n\t\t\t\t<div class=\"elementor-element elementor-element-411d6907 elementor-widget elementor-widget-theme-post-title elementor-page-title elementor-widget-heading\" data-id=\"411d6907\" data-element_type=\"widget\" data-widget_type=\"theme-post-title.default\">\n\t\t\t\t\t<h2 class=\"elementor-heading-title elementor-size-default\">Bentonite<\/h2>\t\t\t\t<\/div>\n\t\t\t\t<div class=\"elementor-element elementor-element-2cc0b924 elementor-widget elementor-widget-text-editor\" data-id=\"2cc0b924\" data-element_type=\"widget\" data-widget_type=\"text-editor.default\">\n\t\t\t\t\t\t\t\t\t<a href=\"https:\/\/www.alkanmineral.com\/index.php\/servisler\/ \"> Products &gt; <\/a>Bentonite\t\t\t\t\t\t\t\t<\/div>\n\t\t\t\t\t<\/div>\n\t\t\t\t<\/div>\n\t\t<div class=\"elementor-element elementor-element-2e811b9b e-flex e-con-boxed e-con e-parent\" data-id=\"2e811b9b\" data-element_type=\"container\">\n\t\t\t\t\t<div class=\"e-con-inner\">\n\t\t<div class=\"elementor-element elementor-element-4808655f e-con-full e-flex e-con e-child\" data-id=\"4808655f\" data-element_type=\"container\">\n\t\t\t\t<div class=\"elementor-element elementor-element-3fd8529f elementor-widget elementor-widget-image\" data-id=\"3fd8529f\" data-element_type=\"widget\" data-widget_type=\"image.default\">\n\t\t\t\t\t\t\t\t\t\t\t\t\t\t\t<img decoding=\"async\" src=\"https:\/\/www.alkanmineral.com\/wp-content\/uploads\/elementor\/thumbs\/miners-inspecting-land-for-minerals-2023-11-27-05-19-40-utc-reldictoh7ld20epolys4r20whppqdhn0woeur9v2g.jpg\" title=\"miners-inspecting-land-for-minerals-2023-11-27-05-19-40-utc.jpg\" alt=\"miners-inspecting-land-for-minerals-2023-11-27-05-19-40-utc.jpg\" loading=\"lazy\" \/>\t\t\t\t\t\t\t\t\t\t\t\t\t\t\t<\/div>\n\t\t\t\t<div class=\"elementor-element elementor-element-2471062 elementor-widget elementor-widget-heading\" data-id=\"2471062\" data-element_type=\"widget\" data-widget_type=\"heading.default\">\n\t\t\t\t\t<h2 class=\"elementor-heading-title elementor-size-default\">Bentonite<\/h2>\t\t\t\t<\/div>\n\t\t\t\t<div class=\"elementor-element elementor-element-63fccf6d elementor-widget elementor-widget-text-editor\" data-id=\"63fccf6d\" data-element_type=\"widget\" data-widget_type=\"text-editor.default\">\n\t\t\t\t\t\t\t\t\t<p><strong>Bentonite (sodium &amp; calcium types) is a natural clay with high swelling capacity delivering rheology control and binding performance.<\/strong><\/p><p><strong>Key Benefits<\/strong><\/p><ul><li>Viscosity control &amp; filtrate loss reduction<\/li><li>Strong gel formation &amp; binding<\/li><li>High sealing performance for barrier systems<\/li><\/ul><p><strong>Applications<\/strong><\/p><ul><li>Drilling fluids (API\/OCMA compliant grades)<\/li><li>Foundry sand binder, pelletizing<\/li><li>Geosynthetic clay liners, cat litter<\/li><li>Wastewater treatment, soil conditioning<\/li><\/ul><p>Available Grades: sodium, calcium &amp; organophilic bentonite; granular and 200\u2013325 mesh powders.<\/p><p>Packaging: 25\u2011kg kraft bags, 1\u2011t big bags (palletized upon request).<\/p>\t\t\t\t\t\t\t\t<\/div>\n\t\t\t\t<\/div>\n\t\t\t\t\t<\/div>\n\t\t\t\t<\/div>\n\t\t\t\t<\/div>","protected":false},"excerpt":{"rendered":"<p>\u00dcr\u00fcnler &gt; Bentonit Bentonit Bentonit (Na &amp; Ca tipi), y\u00fcksek \u015fi\u015fme kapasitesi, reoloji kontrol\u00fc ve ba\u011flay\u0131c\u0131l\u0131k sa\u011flayan do\u011fal bir kildir. T\u00fcrkiye ve b\u00f6lge kaynakl\u0131 tedarik se\u00e7enekleriyle istikrarl\u0131 kalite ve h\u0131zl\u0131 lojistik sunuyoruz. Key Benefits \/ \u00d6ne \u00c7\u0131kan Faydalar: Reoloji ve viskozite kontrol\u00fc, filtrasyon kayb\u0131n\u0131 azaltma Ba\u011flay\u0131c\u0131 ve jel olu\u015fturma kabiliyeti S\u0131zd\u0131rmazl\u0131k\/bariyer uygulamalar\u0131nda y\u00fcksek performans Applications [&hellip;]<\/p>","protected":false},"author":1,"featured_media":0,"parent":0,"menu_order":0,"comment_status":"closed","ping_status":"closed","template":"","meta":{"footnotes":""},"class_list":["post-172","page","type-page","status-publish","hentry"],"_links":{"self":[{"href":"https:\/\/www.alkanmineral.com\/en\/wp-json\/wp\/v2\/pages\/172","targetHints":{"allow":["GET"]}}],"collection":[{"href":"https:\/\/www.alkanmineral.com\/en\/wp-json\/wp\/v2\/pages"}],"about":[{"href":"https:\/\/www.alkanmineral.com\/en\/wp-json\/wp\/v2\/types\/page"}],"author":[{"embeddable":true,"href":"https:\/\/www.alkanmineral.com\/en\/wp-json\/wp\/v2\/users\/1"}],"replies":[{"embeddable":true,"href":"https:\/\/www.alkanmineral.com\/en\/wp-json\/wp\/v2\/comments?post=172"}],"version-history":[{"count":4,"href":"https:\/\/www.alkanmineral.com\/en\/wp-json\/wp\/v2\/pages\/172\/revisions"}],"predecessor-version":[{"id":176,"href":"https:\/\/www.alkanmineral.com\/en\/wp-json\/wp\/v2\/pages\/172\/revisions\/176"}],"wp:attachment":[{"href":"https:\/\/www.alkanmineral.com\/en\/wp-json\/wp\/v2\/media?parent=172"}],"curies":[{"name":"wp","href":"https:\/\/api.w.org\/{rel}","templated":true}]}}