{"id":167,"date":"2025-11-12T14:51:26","date_gmt":"2025-11-12T11:51:26","guid":{"rendered":"https:\/\/www.alkanmineral.com\/?page_id=167"},"modified":"2025-11-12T15:11:23","modified_gmt":"2025-11-12T12:11:23","slug":"barit","status":"publish","type":"page","link":"https:\/\/www.alkanmineral.com\/en\/barit\/","title":{"rendered":"Barite"},"content":{"rendered":"<div data-elementor-type=\"wp-page\" data-elementor-id=\"167\" class=\"elementor elementor-167\" data-elementor-post-type=\"page\">\n\t\t\t\t<div class=\"elementor-element elementor-element-93c8974 e-flex e-con-boxed e-con e-parent\" data-id=\"93c8974\" data-element_type=\"container\" data-settings=\"{&quot;background_background&quot;:&quot;classic&quot;}\">\n\t\t\t\t\t<div class=\"e-con-inner\">\n\t\t\t\t<div class=\"elementor-element elementor-element-7c09724 elementor-widget elementor-widget-theme-post-title elementor-page-title elementor-widget-heading\" data-id=\"7c09724\" data-element_type=\"widget\" data-widget_type=\"theme-post-title.default\">\n\t\t\t\t\t<h2 class=\"elementor-heading-title elementor-size-default\">Barite<\/h2>\t\t\t\t<\/div>\n\t\t\t\t<div class=\"elementor-element elementor-element-12567cfb elementor-widget elementor-widget-text-editor\" data-id=\"12567cfb\" data-element_type=\"widget\" data-widget_type=\"text-editor.default\">\n\t\t\t\t\t\t\t\t\t<a href=\"https:\/\/www.alkanmineral.com\/index.php\/servisler\/ \"> Products &gt; <\/a>Barit \/ Barite (BaSO\u2084)\t\t\t\t\t\t\t\t<\/div>\n\t\t\t\t\t<\/div>\n\t\t\t\t<\/div>\n\t\t<div class=\"elementor-element elementor-element-5aeb37a9 e-flex e-con-boxed e-con e-parent\" data-id=\"5aeb37a9\" data-element_type=\"container\">\n\t\t\t\t\t<div class=\"e-con-inner\">\n\t\t<div class=\"elementor-element elementor-element-27184fa7 e-con-full e-flex e-con e-child\" data-id=\"27184fa7\" data-element_type=\"container\">\n\t\t\t\t<div class=\"elementor-element elementor-element-4f6d25a0 elementor-widget elementor-widget-image\" data-id=\"4f6d25a0\" data-element_type=\"widget\" data-widget_type=\"image.default\">\n\t\t\t\t\t\t\t\t\t\t\t\t\t\t\t<img decoding=\"async\" src=\"https:\/\/www.alkanmineral.com\/wp-content\/uploads\/elementor\/thumbs\/miners-inspecting-land-for-minerals-2023-11-27-05-19-40-utc-reldictoh7ld20epolys4r20whppqdhn0woeur9v2g.jpg\" title=\"miners-inspecting-land-for-minerals-2023-11-27-05-19-40-utc.jpg\" alt=\"miners-inspecting-land-for-minerals-2023-11-27-05-19-40-utc.jpg\" loading=\"lazy\" \/>\t\t\t\t\t\t\t\t\t\t\t\t\t\t\t<\/div>\n\t\t\t\t<div class=\"elementor-element elementor-element-46a8cc7d elementor-widget elementor-widget-heading\" data-id=\"46a8cc7d\" data-element_type=\"widget\" data-widget_type=\"heading.default\">\n\t\t\t\t\t<h2 class=\"elementor-heading-title elementor-size-default\">Barit \/ Barite (BaSO\u2084)<\/h2>\t\t\t\t<\/div>\n\t\t\t\t<div class=\"elementor-element elementor-element-1b13ffd2 elementor-widget elementor-widget-text-editor\" data-id=\"1b13ffd2\" data-element_type=\"widget\" data-widget_type=\"text-editor.default\">\n\t\t\t\t\t\t\t\t\t<p><strong>Barite (BaSO\u2084) is a high\u2011density, chemically inert mineral used as a reliable weighting agent and functional filler.<\/strong><\/p><p><strong>Key Benefits<\/strong><\/p><ul><li>High specific gravity, low oil absorption, strong chemical stability.<\/li><\/ul><p><strong>Applications<\/strong><\/p><ul><li>Weighting agent in drilling fluids (API 13A compliant)<\/li><li>Filler for paints, coatings, plastics &amp; rubber<\/li><li>Radiation\u2011shielding concrete and barriers<\/li><\/ul><p>Packaging: 25\u2011kg bags, 1\u2011t big bags; bulk shipments on request.<\/p>\t\t\t\t\t\t\t\t<\/div>\n\t\t\t\t<\/div>\n\t\t\t\t\t<\/div>\n\t\t\t\t<\/div>\n\t\t\t\t<\/div>","protected":false},"excerpt":{"rendered":"<p>\u00dcr\u00fcnler &gt; Barit \/ Barite (BaSO\u2084) Barit \/ Barite (BaSO\u2084) Barit (BaSO\u2084), y\u00fcksek \u00f6zg\u00fcl a\u011f\u0131rl\u0131\u011f\u0131 ve kimyasal inertli\u011fi ile bilinen saf bir mineraldir. Sondaj ak\u0131\u015fkanlar\u0131nda g\u00fcvenilir a\u011f\u0131rl\u0131kland\u0131rma ve dolgu uygulamalar\u0131nda beyazl\u0131k\/sa\u011flaml\u0131k sunar. Key Benefits \/ \u00d6ne \u00c7\u0131kan Faydalar: Y\u00fcksek \u00f6zg\u00fcl a\u011f\u0131rl\u0131k, d\u00fc\u015f\u00fck ya\u011f emme, d\u00fc\u015f\u00fck \u00e7\u00f6z\u00fcn\u00fcrl\u00fck ve inertlik. Applications \/ Kullan\u0131m Alanlar\u0131: Sondaj \u00e7amurlar\u0131nda a\u011f\u0131rl\u0131kland\u0131r\u0131c\u0131 [&hellip;]<\/p>","protected":false},"author":1,"featured_media":0,"parent":0,"menu_order":0,"comment_status":"closed","ping_status":"closed","template":"","meta":{"footnotes":""},"class_list":["post-167","page","type-page","status-publish","hentry"],"_links":{"self":[{"href":"https:\/\/www.alkanmineral.com\/en\/wp-json\/wp\/v2\/pages\/167","targetHints":{"allow":["GET"]}}],"collection":[{"href":"https:\/\/www.alkanmineral.com\/en\/wp-json\/wp\/v2\/pages"}],"about":[{"href":"https:\/\/www.alkanmineral.com\/en\/wp-json\/wp\/v2\/types\/page"}],"author":[{"embeddable":true,"href":"https:\/\/www.alkanmineral.com\/en\/wp-json\/wp\/v2\/users\/1"}],"replies":[{"embeddable":true,"href":"https:\/\/www.alkanmineral.com\/en\/wp-json\/wp\/v2\/comments?post=167"}],"version-history":[{"count":5,"href":"https:\/\/www.alkanmineral.com\/en\/wp-json\/wp\/v2\/pages\/167\/revisions"}],"predecessor-version":[{"id":188,"href":"https:\/\/www.alkanmineral.com\/en\/wp-json\/wp\/v2\/pages\/167\/revisions\/188"}],"wp:attachment":[{"href":"https:\/\/www.alkanmineral.com\/en\/wp-json\/wp\/v2\/media?parent=167"}],"curies":[{"name":"wp","href":"https:\/\/api.w.org\/{rel}","templated":true}]}}