{"id":157,"date":"2025-11-12T14:47:26","date_gmt":"2025-11-12T11:47:26","guid":{"rendered":"https:\/\/www.alkanmineral.com\/?page_id=157"},"modified":"2025-11-12T15:17:16","modified_gmt":"2025-11-12T12:17:16","slug":"mika","status":"publish","type":"page","link":"https:\/\/www.alkanmineral.com\/en\/mika\/","title":{"rendered":"Mica"},"content":{"rendered":"<div data-elementor-type=\"wp-page\" data-elementor-id=\"157\" class=\"elementor elementor-157\" data-elementor-post-type=\"page\">\n\t\t\t\t<div class=\"elementor-element elementor-element-25c68cec e-flex e-con-boxed e-con e-parent\" data-id=\"25c68cec\" data-element_type=\"container\" data-settings=\"{&quot;background_background&quot;:&quot;classic&quot;}\">\n\t\t\t\t\t<div class=\"e-con-inner\">\n\t\t\t\t<div class=\"elementor-element elementor-element-1de0ce8d elementor-widget elementor-widget-theme-post-title elementor-page-title elementor-widget-heading\" data-id=\"1de0ce8d\" data-element_type=\"widget\" data-widget_type=\"theme-post-title.default\">\n\t\t\t\t\t<h2 class=\"elementor-heading-title elementor-size-default\">Mica<\/h2>\t\t\t\t<\/div>\n\t\t\t\t<div class=\"elementor-element elementor-element-4cbd3a70 elementor-widget elementor-widget-text-editor\" data-id=\"4cbd3a70\" data-element_type=\"widget\" data-widget_type=\"text-editor.default\">\n\t\t\t\t\t\t\t\t\t<a href=\"https:\/\/www.alkanmineral.com\/index.php\/servisler\/ \"> \u00dcr\u00fcnler > <\/a>Mika \/ Mica (Muscovite &#038; Phlogopite)\t\t\t\t\t\t\t\t<\/div>\n\t\t\t\t\t<\/div>\n\t\t\t\t<\/div>\n\t\t<div class=\"elementor-element elementor-element-29120dc0 e-flex e-con-boxed e-con e-parent\" data-id=\"29120dc0\" data-element_type=\"container\">\n\t\t\t\t\t<div class=\"e-con-inner\">\n\t\t<div class=\"elementor-element elementor-element-18e9a7ee e-con-full e-flex e-con e-child\" data-id=\"18e9a7ee\" data-element_type=\"container\">\n\t\t\t\t<div class=\"elementor-element elementor-element-5e70f16 elementor-widget elementor-widget-image\" data-id=\"5e70f16\" data-element_type=\"widget\" data-widget_type=\"image.default\">\n\t\t\t\t\t\t\t\t\t\t\t\t\t\t\t<img decoding=\"async\" src=\"https:\/\/www.alkanmineral.com\/wp-content\/uploads\/elementor\/thumbs\/miners-inspecting-land-for-minerals-2023-11-27-05-19-40-utc-reldictoh7ld20epolys4r20whppqdhn0woeur9v2g.jpg\" title=\"miners-inspecting-land-for-minerals-2023-11-27-05-19-40-utc.jpg\" alt=\"miners-inspecting-land-for-minerals-2023-11-27-05-19-40-utc.jpg\" loading=\"lazy\" \/>\t\t\t\t\t\t\t\t\t\t\t\t\t\t\t<\/div>\n\t\t\t\t<div class=\"elementor-element elementor-element-824f14a elementor-widget elementor-widget-heading\" data-id=\"824f14a\" data-element_type=\"widget\" data-widget_type=\"heading.default\">\n\t\t\t\t\t<h2 class=\"elementor-heading-title elementor-size-default\">Mika \/ Mica (Muscovite &amp; Phlogopite)<\/h2>\t\t\t\t<\/div>\n\t\t\t\t<div class=\"elementor-element elementor-element-6fc2772 elementor-widget elementor-widget-text-editor\" data-id=\"6fc2772\" data-element_type=\"widget\" data-widget_type=\"text-editor.default\">\n\t\t\t\t\t\t\t\t\t<p><strong>Mica (muscovite &amp; phlogopite) is a plate\u2011like functional filler providing barrier effect, thermal\/electrical insulation and improved surface durability.<\/strong><\/p><p><strong>Applications<\/strong><\/p><ul><li>Paints &amp; coatings: crack resistance and barrier<\/li><li>Adhesives &amp; sealants: reinforcement<\/li><li>Plastic\/rubber composites: mechanical &amp; thermal stability<\/li><li>Asphalt &amp; roofing; cosmetic grades<\/li><li>LCM for drilling fluids (selected coarse fractions)<\/li><\/ul><p>Grades: dry\/wet ground, multiple D50 cuts; muscovite and phlogopite.<\/p><p>Packaging: 25\u2011kg bags, 1\u2011t big bags.<\/p>\t\t\t\t\t\t\t\t<\/div>\n\t\t\t\t<\/div>\n\t\t\t\t\t<\/div>\n\t\t\t\t<\/div>\n\t\t\t\t<\/div>","protected":false},"excerpt":{"rendered":"<p>\u00dcr\u00fcnler > Mika \/ Mica (Muscovite &#038; Phlogopite) Mika \/ Mica (Muscovite &amp; Phlogopite) Mika (muskovit &amp; flogopit), tabakal\u0131 (plakal\u0131) yap\u0131s\u0131 sayesinde bariyer etkisi, \u0131s\u0131\/elektrik yal\u0131t\u0131m\u0131 ve y\u00fczey dayan\u0131m\u0131 sa\u011flayan fonksiyonel bir dolgu ve katk\u0131d\u0131r. Applications \/ Kullan\u0131m Alanlar\u0131: Boya ve kaplamalarda \u00e7atlama direnci ve bariyer Mastik, s\u0131zd\u0131rmazl\u0131k ve yap\u0131\u015ft\u0131r\u0131c\u0131larda g\u00fc\u00e7lendirme Plastik\/kau\u00e7uk kompozitlerinde mekanik ve [&hellip;]<\/p>","protected":false},"author":1,"featured_media":0,"parent":0,"menu_order":0,"comment_status":"closed","ping_status":"closed","template":"","meta":{"footnotes":""},"class_list":["post-157","page","type-page","status-publish","hentry"],"_links":{"self":[{"href":"https:\/\/www.alkanmineral.com\/en\/wp-json\/wp\/v2\/pages\/157","targetHints":{"allow":["GET"]}}],"collection":[{"href":"https:\/\/www.alkanmineral.com\/en\/wp-json\/wp\/v2\/pages"}],"about":[{"href":"https:\/\/www.alkanmineral.com\/en\/wp-json\/wp\/v2\/types\/page"}],"author":[{"embeddable":true,"href":"https:\/\/www.alkanmineral.com\/en\/wp-json\/wp\/v2\/users\/1"}],"replies":[{"embeddable":true,"href":"https:\/\/www.alkanmineral.com\/en\/wp-json\/wp\/v2\/comments?post=157"}],"version-history":[{"count":5,"href":"https:\/\/www.alkanmineral.com\/en\/wp-json\/wp\/v2\/pages\/157\/revisions"}],"predecessor-version":[{"id":200,"href":"https:\/\/www.alkanmineral.com\/en\/wp-json\/wp\/v2\/pages\/157\/revisions\/200"}],"wp:attachment":[{"href":"https:\/\/www.alkanmineral.com\/en\/wp-json\/wp\/v2\/media?parent=157"}],"curies":[{"name":"wp","href":"https:\/\/api.w.org\/{rel}","templated":true}]}}